{"id":2100,"date":"2016-03-01T07:57:29","date_gmt":"2016-03-01T07:57:29","guid":{"rendered":"https:\/\/atz-teenused.ee\/ru\/homepage-01\/"},"modified":"2020-01-15T08:57:58","modified_gmt":"2020-01-15T08:57:58","slug":"homepage-01","status":"publish","type":"page","link":"https:\/\/atz-teenused.ee\/ru\/","title":{"rendered":"\u0413\u043b\u0430\u0432\u043d\u0430\u044f"},"content":{"rendered":"<p>[vc_row full_width=&#8221;stretch_row_content_no_spaces&#8221; css=&#8221;.vc_custom_1452480528940{margin-bottom: 0px !important;}&#8221;][vc_column][rev_slider_vc alias=&#8221;tm-01-ru&#8221;][\/vc_column][\/vc_row][vc_row css=&#8221;.vc_custom_1456819748823{margin-top: 0px !important;margin-bottom: 0px !important;padding-top: 80px !important;padding-bottom: 50px !important;}&#8221;][vc_column][vc_custom_heading text=&#8221;\u041d\u0430\u0448\u0438 <strong>\u0443\u0441\u043b\u0443\u0433\u0438<\/strong>&#8221; font_container=&#8221;tag:h2|font_size:30|text_align:center|color:%23222222|line_height:1em&#8221; use_theme_fonts=&#8221;yes&#8221; tm_font_weight=&#8221;700&#8243; tm_letter_spacing=&#8221;-1px&#8221; el_class=&#8221;heading-center-black font-weight-700&#8243;][vc_row_inner css=&#8221;.vc_custom_1456819217250{margin-top: 30px !important;margin-bottom: 0px !important;}&#8221;][vc_column_inner width=&#8221;1\/2&#8243; css=&#8221;.vc_custom_1452667621058{margin-bottom: 30px !important;}&#8221;][thememove_roundedicon icon=&#8221;&#8221; align=&#8221;center&#8221; color=&#8221;#3769b5&#8243; icon_txt=&#8221;pe-7s-culture&#8221;][vc_custom_heading text=&#8221;\u0412\u0435\u0434\u0435\u043d\u0438\u0435 \u0431\u0443\u0445\u0433\u0430\u043b\u0442\u0435\u0440\u0438\u0438 &#8221; font_container=&#8221;tag:h2|font_size:22|text_align:center|color:%23222222&#8243; use_theme_fonts=&#8221;yes&#8221; tm_letter_spacing=&#8221;0px&#8221; tm_font_weight=&#8221;700&#8243; css=&#8221;.vc_custom_1474972896530{margin-top: 25px !important;}&#8221; el_class=&#8221;font-weight-700&#8243;][vc_custom_heading text=&#8221;\u0414\u043b\u044f AT Z Teenused \u043a\u0430\u0436\u0434\u044b\u0439 \u043a\u043b\u0438\u0435\u043d\u0442 \u0443\u043d\u0438\u043a\u0430\u043b\u0435\u043d \u0438 \u0438\u043c\u0435\u0435\u0442 \u043f\u0440\u0430\u0432\u043e \u043d\u0430 \u043f\u0435\u0440\u0441\u043e\u043d\u0430\u043b\u044c\u043d\u044b\u0439 \u043f\u043e\u0434\u0445\u043e\u0434. \u041d\u0430\u043c \u043c\u043e\u0436\u043d\u043e \u0434\u043e\u0432\u0435\u0440\u0438\u0442\u044c \u043b\u044e\u0431\u043e\u0439 \u0432\u043e\u043f\u0440\u043e\u0441 \u0441\u0432\u044f\u0437\u0430\u043d\u043d\u044b\u0439 \u0441 \u0430\u0434\u043c\u0438\u043d\u0438\u0441\u0442\u0440\u0438\u0440\u043e\u0432\u0430\u043d\u0438\u0435\u043c \u043a\u043e\u043c\u043f\u0430\u043d\u0438\u0438 \u0438 \u043e\u043d \u0431\u0443\u0434\u0435\u0442 \u0440\u0435\u0448\u0451\u043d.&#8221; font_container=&#8221;tag:div|font_size:16|text_align:center|color:%23444444&#8243; use_theme_fonts=&#8221;yes&#8221; tm_letter_spacing=&#8221;0px&#8221;][\/vc_column_inner][vc_column_inner width=&#8221;1\/2&#8243; css=&#8221;.vc_custom_1452667627594{margin-bottom: 30px !important;}&#8221;][thememove_roundedicon icon=&#8221;&#8221; align=&#8221;center&#8221; color=&#8221;#3769b5&#8243; icon_txt=&#8221;pe-7s-news-paper&#8221;][vc_custom_heading text=&#8221;\u0410\u0434\u043c\u0438\u043d\u0438\u0441\u0442\u0440\u0438\u0440\u043e\u0432\u0430\u043d\u0438\u044f \u043f\u0440\u0435\u0434\u043f\u0440\u0438\u044f\u0442\u0438\u0439&#8221; font_container=&#8221;tag:h2|font_size:22|text_align:center|color:%23222222&#8243; use_theme_fonts=&#8221;yes&#8221; tm_letter_spacing=&#8221;0px&#8221; tm_font_weight=&#8221;700&#8243; css=&#8221;.vc_custom_1474972916403{margin-top: 25px !important;}&#8221; el_class=&#8221;font-weight-700&#8243;][vc_custom_heading text=&#8221;\u0421 \u043d\u0430\u043c\u0438 \u0412\u044b \u043c\u043e\u0436\u0435\u0442\u0435 \u0431\u044b\u0442\u044c \u0443\u0432\u0435\u0440\u0435\u043d\u044b \u0432 \u0442\u043e\u043c, \u0447\u0442\u043e \u043b\u044e\u0431\u044b\u0435 \u0442\u0435\u043a\u0443\u0449\u0438\u0435 \u0430\u0434\u043c\u0438\u043d\u0438\u0441\u0442\u0440\u0430\u0442\u0438\u0432\u043d\u044b\u0435 \u0432\u043e\u043f\u0440\u043e\u0441\u044b \u0431\u0443\u0434\u0443\u0442 \u0440\u0435\u0448\u0435\u043d\u044b, \u0430 \u0437\u043d\u0430\u0447\u0438\u0442 \u0441\u043c\u043e\u0436\u0435\u0442\u0435 \u0431\u043e\u043b\u0435\u0435 \u044d\u0444\u0444\u0435\u043a\u0442\u0438\u0432\u043d\u043e \u0437\u0430\u043d\u0438\u043c\u0430\u0442\u044c\u0441\u044f \u0432\u043e\u043f\u0440\u043e\u0441\u0430\u043c\u0438 \u0440\u0430\u0437\u0432\u0438\u0442\u0438\u044f \u0431\u0438\u0437\u043d\u0435\u0441\u0430. &#8221; font_container=&#8221;tag:div|font_size:16|text_align:center|color:%23444444&#8243; use_theme_fonts=&#8221;yes&#8221; tm_letter_spacing=&#8221;0px&#8221;][\/vc_column_inner][\/vc_row_inner][\/vc_column][\/vc_row][vc_row full_width=&#8221;stretch_row_content_no_spaces&#8221; equal_height=&#8221;yes&#8221; content_placement=&#8221;middle&#8221; css=&#8221;.vc_custom_1458008422949{margin-top: 0px !important;margin-bottom: 0px !important;padding-top: 0px !important;padding-bottom: 0px !important;}&#8221; el_class=&#8221;primary_bgcolor bg-gradient tm-fullwidth&#8221;][vc_column width=&#8221;1\/2&#8243; css=&#8221;.vc_custom_1457062504555{padding-top: 0px !important;padding-bottom: 0px !important;}&#8221;][vc_row_inner el_class=&#8221;w-570&#8243; css=&#8221;.vc_custom_1458551731252{padding-top: 80px !important;padding-bottom: 80px !important;}&#8221;][vc_column_inner][vc_custom_heading text=&#8221;\u0412\u0435\u0434\u0435\u043d\u0438\u0435 \u0431\u0443\u0445\u0433\u0430\u043b\u0442\u0435\u0440\u0438\u0438 \u0438 \u0430\u0434\u043c\u0438\u043d\u0438\u0441\u0442\u0440\u0438\u0440\u043e\u0432\u0430\u043d\u0438\u044f \u043f\u0440\u0435\u0434\u043f\u0440\u0438\u044f\u0442\u0438\u0439 &#8221; font_container=&#8221;tag:h2|font_size:30|text_align:left|color:%23ffffff|line_height:1em&#8221; use_theme_fonts=&#8221;yes&#8221; tm_font_weight=&#8221;700&#8243; tm_letter_spacing=&#8221;-1px&#8221; el_class=&#8221;heading-left-white font-weight-700&#8243;][vc_custom_heading text=&#8221;\u0410\u0434\u043c\u0438\u043d\u0438\u0441\u0442\u0440\u0438\u0440\u043e\u0432\u0430\u043d\u0438\u0435 \u043a\u043e\u043c\u043f\u0430\u043d\u0438\u0439 \u043d\u0430\u0448\u0438\u0445 \u043a\u043b\u0438\u0435\u043d\u0442\u043e\u0432 \u043e\u0442 \u0410 \u0434\u043e \u042f. \u041d\u0430\u0448\u0438 \u0443\u0441\u043b\u0443\u0433\u0438 \u043f\u043e\u043b\u0435\u0437\u043d\u044b \u0441 \u043c\u043e\u043c\u0435\u043d\u0442\u0430 \u0437\u0430\u0440\u043e\u0436\u0434\u0435\u043d\u0438\u044f \u043a\u043e\u043c\u043f\u0430\u043d\u0438\u0438 \u0438\u043b\u0438 \u043f\u0440\u0435\u0434\u043f\u0440\u0438\u044f\u0442\u0438\u044f \u0438 \u0432\u043e\u0441\u0442\u0440\u0435\u0431\u043e\u0432\u0430\u043d\u044b \u043d\u0430 \u0432\u0441\u0435\u0445 \u044d\u0442\u0430\u043f \u0440\u0430\u0437\u0432\u0438\u0442\u0438\u044f. \u0421 \u043d\u0430\u043c\u0438 \u0412\u044b \u043c\u043e\u0436\u0435\u0442\u0435 \u0431\u044b\u0442\u044c \u0443\u0432\u0435\u0440\u0435\u043d\u044b \u0432 \u0442\u043e\u043c, \u0447\u0442\u043e \u043b\u044e\u0431\u044b\u0435 \u0442\u0435\u043a\u0443\u0449\u0438\u0435 \u0430\u0434\u043c\u0438\u043d\u0438\u0441\u0442\u0440\u0430\u0442\u0438\u0432\u043d\u044b\u0435 \u0432\u043e\u043f\u0440\u043e\u0441\u044b \u0431\u0443\u0434\u0443\u0442 \u0440\u0435\u0448\u0435\u043d\u044b, \u0430 \u0437\u043d\u0430\u0447\u0438\u0442 \u0441\u043c\u043e\u0436\u0435\u0442\u0435 \u0431\u043e\u043b\u0435\u0435 \u044d\u0444\u0444\u0435\u043a\u0442\u0438\u0432\u043d\u043e \u0437\u0430\u043d\u0438\u043c\u0430\u0442\u044c\u0441\u044f \u0432\u043e\u043f\u0440\u043e\u0441\u0430\u043c\u0438 \u0440\u0430\u0437\u0432\u0438\u0442\u0438\u044f \u0431\u0438\u0437\u043d\u0435\u0441\u0430. &#8221; font_container=&#8221;tag:div|font_size:16px|text_align:left|color:%23ffffff|line_height:1.8em&#8221; use_theme_fonts=&#8221;yes&#8221; tm_font_weight=&#8221;100&#8243; css=&#8221;.vc_custom_1474973168897{margin-top: 20px !important;margin-bottom: 20px !important;}&#8221;][thememove_button type=&#8221;2&#8243; link=&#8221;\/ru\/buhgalterija&#8221; text=&#8221;\u0414\u0430\u043b\u0435\u0435&#8221;][\/vc_column_inner][\/vc_row_inner][\/vc_column][vc_column width=&#8221;1\/2&#8243; css=&#8221;.vc_custom_1473417597966{padding-top: 0px !important;padding-bottom: 0px !important;background-image: url(http:\/\/atz-teenused.ee\/wp-content\/uploads\/2016\/01\/home02_i2-1.jpg?id=1898) !important;}&#8221; el_class=&#8221;bg-cover&#8221; offset=&#8221;vc_hidden-sm vc_hidden-xs&#8221;][vc_raw_html]JTNDc2NyaXB0JTIwdHlwZSUzRCUyMnRleHQlMkZqYXZhc2NyaXB0JTIyJTNFJTBBJTIwJTIwJTIwJTIwJTIwJTIwalF1ZXJ5JTI4ZG9jdW1lbnQlMjkucmVhZHklMjhmdW5jdGlvbiUyOCUyOSUyMCU3QiUwQSUyMCUyMCUyMCUyMCUyMCUyMCUyMCUyMGpRdWVyeSUyOCUyNy52aWRlby1wb3B1cCUyMGElMjclMjkubWFnbmlmaWNQb3B1cCUyOCU3QiUwQSUyMCUyMCUyMCUyMCUyMCUyMCUyMCUyMCUyMCUyMGRpc2FibGVPbiUzQSUyMDcwMCUyQyUwQSUyMCUyMCUyMCUyMCUyMCUyMCUyMCUyMCUyMCUyMHR5cGUlM0ElMjAlMjdpZnJhbWUlMjclMkMlMEElMjAlMjAlMjAlMjAlMjAlMjAlMjAlMjAlMjAlMjBtYWluQ2xhc3MlM0ElMjAlMjdtZnAtZmFkZSUyNyUyQyUwQSUyMCUyMCUyMCUyMCUyMCUyMCUyMCUyMCUyMCUyMHJlbW92YWxEZWxheSUzQSUyMDE2MCUyQyUwQSUyMCUyMCUyMCUyMCUyMCUyMCUyMCUyMCUyMCUyMHByZWxvYWRlciUzQSUyMGZhbHNlJTJDJTBBJTBBJTIwJTIwJTIwJTIwJTIwJTIwJTIwJTIwJTIwJTIwZml4ZWRDb250ZW50UG9zJTNBJTIwZmFsc2UlMEElMjAlMjAlMjAlMjAlMjAlMjAlMjAlMjAlN0QlMjklM0IlMEElMjAlMjAlMjAlMjAlMjAlMjAlN0QlMjklM0IlMEElMjAlMjAlMjAlMjAlM0MlMkZzY3JpcHQlM0U=[\/vc_raw_html][\/vc_column][\/vc_row][vc_row full_width=&#8221;stretch_row&#8221; css=&#8221;.vc_custom_1456138325663{margin-top: 0px !important;margin-bottom: 0px !important;padding-top: 45px !important;padding-bottom: 80px !important;background-image: url(http:\/\/atz-teenused.ee\/wp-content\/uploads\/2016\/01\/home01_b2-1.jpg?id=723) !important;}&#8221; el_class=&#8221;bg-cover&#8221;][vc_column][vc_custom_heading text=&#8221;\u041a\u043b\u0438\u0435\u043d\u0442\u044b \u043e \u043d\u0430\u0441&#8221; font_container=&#8221;tag:h2|font_size:30|text_align:center|color:%23ffffff|line_height:1em&#8221; use_theme_fonts=&#8221;yes&#8221; tm_font_weight=&#8221;700&#8243; tm_letter_spacing=&#8221;-1px&#8221; el_class=&#8221;heading-center-white font-weight-700&#8243; css=&#8221;.vc_custom_1474973400690{margin-bottom: 60px !important;}&#8221;][thememove_testimonial style=&#8221;3&#8243; enable_carousel=&#8221;true&#8221; display_bullets=&#8221;true&#8221; enable_autoplay=&#8221;true&#8221; slides_to_display=&#8221;3&#8243; display_author=&#8221;true&#8221; display_url=&#8221;true&#8221; display_avatar=&#8221;1&#8243; size=&#8221;170&#8243;][\/vc_column][\/vc_row][vc_row full_width=&#8221;stretch_row&#8221; el_class=&#8221;primary_bgcolor bg-gradient&#8221; css=&#8221;.vc_custom_1458113552398{margin-top: 0px !important;margin-bottom: 0px !important;padding-top: 20px !important;padding-bottom: 0px !important;}&#8221;][vc_column width=&#8221;1\/3&#8243; css=&#8221;.vc_custom_1458113530416{margin-top: 0px !important;margin-bottom: 20px !important;padding-top: 0px !important;}&#8221;][vc_raw_html css=&#8221;.vc_custom_1474973439841{margin-top: 0px !important;margin-bottom: 0px !important;padding-top: 0px !important;}&#8221;]JTNDZGl2JTIwY2xhc3MlM0QlMjJ0bS1ob21lLWNvbnRhY3QlMjIlM0UlMEElM0NkaXYlMjBjbGFzcyUzRCUyMnRtLWhvbWUtY29udGFjdC1sZWZ0JTIyJTNFJTBBJTNDc3BhbiUyMGNsYXNzJTNEJTIydG0taG9tZS1jb250YWN0LWljb24lMjBwZS03cy1jYWxsJTIyJTNFJTNDJTJGc3BhbiUzRSUwQSUzQyUyRmRpdiUzRSUwQSUzQ2RpdiUyMGNsYXNzJTNEJTIydG0taG9tZS1jb250YWN0LXJpZ2h0JTIyJTNFJTBBJTNDc3BhbiUyMGNsYXNzJTNEJTIydG0taG9tZS1jb250YWN0LXNtYWxsJTIyJTNFJUQwJUEyJUQwJUI1JUQwJUJCJUQwJUI1JUQxJTg0JUQwJUJFJUQwJUJEJTNDJTJGc3BhbiUzRSUwQSUzQ3NwYW4lMjBjbGFzcyUzRCUyMnRtLWhvbWUtY29udGFjdC1iaWclMjIlM0UlMkIzNzIlMjA1NTY2NTU5NSUzQyUyRnNwYW4lM0UlMEElM0MlMkZkaXYlM0UlMEElM0MlMkZkaXYlM0U=[\/vc_raw_html][\/vc_column][vc_column width=&#8221;1\/3&#8243; css=&#8221;.vc_custom_1458113539047{margin-top: 0px !important;margin-bottom: 20px !important;padding-top: 0px !important;}&#8221;][vc_raw_html css=&#8221;.vc_custom_1474973460029{margin-top: 0px !important;margin-bottom: 0px !important;padding-top: 0px !important;}&#8221;]JTNDZGl2JTIwY2xhc3MlM0QlMjJ0bS1ob21lLWNvbnRhY3QlMjIlM0UlMEElM0NkaXYlMjBjbGFzcyUzRCUyMnRtLWhvbWUtY29udGFjdC1sZWZ0JTIyJTNFJTBBJTNDc3BhbiUyMGNsYXNzJTNEJTIydG0taG9tZS1jb250YWN0LWljb24lMjBwZS03cy1tYWlsLW9wZW4tZmlsZSUyMiUzRSUzQyUyRnNwYW4lM0UlMEElM0MlMkZkaXYlM0UlMEElM0NkaXYlMjBjbGFzcyUzRCUyMnRtLWhvbWUtY29udGFjdC1yaWdodCUyMiUzRSUwQSUzQ3NwYW4lMjBjbGFzcyUzRCUyMnRtLWhvbWUtY29udGFjdC1zbWFsbCUyMiUzRSVEMCU5RiVEMCVCRSVEMSU4NyVEMSU4MiVEMCVCMCUzQyUyRnNwYW4lM0UlMEElM0NzcGFuJTIwY2xhc3MlM0QlMjJ0bS1ob21lLWNvbnRhY3QtYmlnJTIyJTNFaW5mbyU0MGF0ei10ZWVudXNlZC5lZSUzQyUyRnNwYW4lM0UlMEElM0MlMkZkaXYlM0UlMEElM0MlMkZkaXYlM0U=[\/vc_raw_html][\/vc_column][vc_column width=&#8221;1\/3&#8243; css=&#8221;.vc_custom_1473418553759{margin-top: 0px !important;margin-bottom: 20px !important;padding-top: 0px !important;}&#8221;][vc_raw_html css=&#8221;.vc_custom_1474973473090{margin-top: 0px !important;margin-bottom: 0px !important;padding-top: 0px !important;}&#8221;]JTNDZGl2JTIwY2xhc3MlM0QlMjJ0bS1ob21lLWNvbnRhY3QlMjIlM0UlMEElM0NkaXYlMjBjbGFzcyUzRCUyMnRtLWhvbWUtY29udGFjdC1sZWZ0JTIyJTNFJTBBJTNDc3BhbiUyMGNsYXNzJTNEJTIydG0taG9tZS1jb250YWN0LWljb24lMjBwZS03cy1tYWlsLW9wZW4tZmlsZSUyMiUzRSUzQyUyRnNwYW4lM0UlMEElM0MlMkZkaXYlM0UlMEElM0NkaXYlMjBjbGFzcyUzRCUyMnRtLWhvbWUtY29udGFjdC1yaWdodCUyMiUzRSUwQSUzQ3NwYW4lMjBjbGFzcyUzRCUyMnRtLWhvbWUtY29udGFjdC1zbWFsbCUyMiUzRSVEMCU5MCVEMCVCNCVEMSU4MCVEMCVCNSVEMSU4MSUzQyUyRnNwYW4lM0UlMEElM0NzcGFuJTIwY2xhc3MlM0QlMjJ0bS1ob21lLWNvbnRhY3QtYmlnJTIyJTNFTGFraSUyMDI1JTJDJTIwVGFsbGlubiUzQyUyRnNwYW4lM0UlMEElM0MlMkZkaXYlM0UlMEElM0MlMkZkaXYlM0U=[\/vc_raw_html][\/vc_column][\/vc_row][vc_row full_width=&#8221;stretch_row_content_no_spaces&#8221; el_class=&#8221;tm-wpcf7 opacity-bg opacity-bg-40&#8243; css=&#8221;.vc_custom_1458550046851{padding-top: 0px !important;padding-right: 0px !important;padding-bottom: 0px !important;padding-left: 0px !important;background-image: url(http:\/\/atz-teenused.ee\/wp-content\/uploads\/2016\/03\/home02_i3-1.jpg?id=1035) !important;}&#8221;][vc_column css=&#8221;.vc_custom_1456472856800{margin-top: 0px !important;padding-top: 0px !important;padding-bottom: 0px !important;}&#8221;][vc_row_inner el_class=&#8221;tm-wpcf7-box2 w-630&#8243; css=&#8221;.vc_custom_1458550174418{margin-top: 70px !important;padding-top: 15px !important;padding-right: 30px !important;padding-bottom: 15px !important;padding-left: 30px !important;background-color: #ffffff !important;}&#8221;][vc_column_inner][vc_custom_heading text=&#8221;\u0421\u0432\u044f\u0436\u0438\u0442\u0435\u0441\u044c \u0441 \u043d\u0430\u043c\u0438&#8221; font_container=&#8221;tag:h2|font_size:30|text_align:center|color:%23222222|line_height:1em&#8221; use_theme_fonts=&#8221;yes&#8221; tm_font_weight=&#8221;700&#8243; tm_letter_spacing=&#8221;-1px&#8221; el_class=&#8221;heading-left-black font-weight-700&#8243;]\n                <div class='gf_browser_gecko gform_wrapper' id='gform_wrapper_1' style='display:none'><a id='gf_1' class='gform_anchor' ><\/a><form method='post' enctype='multipart\/form-data' target='gform_ajax_frame_1' id='gform_1'  action='\/ru\/wp-json\/wp\/v2\/pages\/2100#gf_1'>\n                        <div class='gform_body'><ul id='gform_fields_1' class='gform_fields top_label form_sublabel_below description_below'><li id='field_1_1' class='gfield field_sublabel_below field_description_below' ><label class='gfield_label' for='input_1_1' ><\/label><div class='ginput_container ginput_container_text'><input name='input_1' id='input_1_1' type='text' value='' class='large'  tabindex='1'  placeholder='Nimi' \/><\/div><\/li><li id='field_1_2' class='gfield gf_left_half gfield_contains_required field_sublabel_below field_description_below' ><label class='gfield_label' for='input_1_2' ><span class='gfield_required'>*<\/span><\/label><div class='ginput_container ginput_container_text'><input name='input_2' id='input_1_2' type='text' value='' class='large'  tabindex='2'  placeholder='E-mail' \/><\/div><\/li><li id='field_1_3' class='gfield gf_right_half field_sublabel_below field_description_below' ><label class='gfield_label' for='input_1_3' ><\/label><div class='ginput_container ginput_container_text'><input name='input_3' id='input_1_3' type='text' value='' class='large'  tabindex='3'  placeholder='Telefon' \/><\/div><\/li><li id='field_1_4' class='gfield field_sublabel_below field_description_below' ><label class='gfield_label' for='input_1_4' ><\/label><div class='ginput_container ginput_container_select'><select name='input_4' id='input_1_4' onchange='gf_apply_rules(1,[6,7]);' class='large gfield_select' tabindex='4' ><option value='' selected='selected' class='gf_placeholder'>Valige teenus<\/option><option value='Raamatupidamisteenused' >Raamatupidamisteenused<\/option><\/select><\/div><\/li><li id='field_1_6' class='gfield field_sublabel_below field_description_below' ><label class='gfield_label' for='input_1_6' ><\/label><div class='ginput_container ginput_container_select'><select name='input_6' id='input_1_6'  class='large gfield_select' tabindex='5' ><option value='' selected='selected' class='gf_placeholder'>Valige raamatupidamise teenus<\/option><option value='Raamatupidamise teenused' >Raamatupidamise teenused<\/option><option value='Maksun\u00f5ustamine' >Maksun\u00f5ustamine<\/option><option value='\u00c4rin\u00f5ustamine' >\u00c4rin\u00f5ustamine<\/option><option value='Administreerimise teenused' >Administreerimise teenused<\/option><option value='Muud' >Muud<\/option><\/select><\/div><\/li><li id='field_1_7' class='gfield field_sublabel_below field_description_below' ><label class='gfield_label' for='input_1_7' ><\/label><div class='ginput_container ginput_container_select'><select name='input_7' id='input_1_7'  class='large gfield_select' tabindex='6' ><option value='' selected='selected' class='gf_placeholder'>Valige m\u00f5\u00f5tmisteenus<\/option><option value='T\u00f6\u00f6keskonna riskianal\u00fc\u00fcs' >T\u00f6\u00f6keskonna riskianal\u00fc\u00fcs<\/option><option value='T\u00f6\u00f6keskonna m\u00f5\u00f5tmised' >T\u00f6\u00f6keskonna m\u00f5\u00f5tmised<\/option><option value='Ventilatsiooni m\u00f5\u00f5tmised' >Ventilatsiooni m\u00f5\u00f5tmised<\/option><option value='Valgustustase m\u00f5\u00f5tmised' >Valgustustase m\u00f5\u00f5tmised<\/option><option value='M\u00fcratase m\u00f5\u00f5tmised' >M\u00fcratase m\u00f5\u00f5tmised<\/option><\/select><\/div><\/li><li id='field_1_5' class='gfield field_sublabel_below field_description_below' ><label class='gfield_label' for='input_1_5' ><\/label><div class='ginput_container ginput_container_textarea'>\n\t\t\t\t\t<textarea name='input_5' id='input_1_5' class='textarea small' tabindex='7'  placeholder='Kiri'  rows='10' cols='50'><\/textarea>\n\t\t\t\t<\/div><\/li>\n                            <\/ul><\/div>\n        <div class='gform_footer top_label'> <input type='submit' id='gform_submit_button_1' class='gform_button button' value='Saada' tabindex='8' onclick='if(window[\"gf_submitting_1\"]){return false;}  window[\"gf_submitting_1\"]=true;  ' \/> <input type='hidden' name='gform_ajax' value='form_id=1&amp;title=&amp;description=&amp;tabindex=1' \/>\n            <input type='hidden' class='gform_hidden' name='is_submit_1' value='1' \/>\n            <input type='hidden' class='gform_hidden' name='gform_submit' value='1' \/>\n            \n            <input type='hidden' class='gform_hidden' name='gform_unique_id' value='' \/>\n            <input type='hidden' class='gform_hidden' name='state_1' value='WyJbXSIsImVhNjBkMmY3MGE2ZmU1MjcxMmYzMzIwMjU0YjliMTNjIl0=' \/>\n            <input type='hidden' class='gform_hidden' name='gform_target_page_number_1' id='gform_target_page_number_1' value='0' \/>\n            <input type='hidden' class='gform_hidden' name='gform_source_page_number_1' id='gform_source_page_number_1' value='1' \/>\n            <input type='hidden' name='gform_field_values' value='' \/>\n            \n        <\/div>\n                        <\/form>\n                        <\/div>\n                <iframe style='display:none;width:0px;height:0px;' src='about:blank' name='gform_ajax_frame_1' id='gform_ajax_frame_1'><\/iframe>\n                <script type='text\/javascript'>jQuery(document).ready(function($){gformInitSpinner( 1, 'https:\/\/atz-teenused.ee\/wp-content\/plugins\/gravityforms\/images\/spinner.gif' );jQuery('#gform_ajax_frame_1').load( function(){var contents = jQuery(this).contents().find('*').html();var is_postback = contents.indexOf('GF_AJAX_POSTBACK') >= 0;if(!is_postback){return;}var form_content = jQuery(this).contents().find('#gform_wrapper_1');var is_confirmation = jQuery(this).contents().find('#gform_confirmation_wrapper_1').length > 0;var is_redirect = contents.indexOf('gformRedirect(){') >= 0;var is_form = form_content.length > 0 && ! is_redirect && ! is_confirmation;if(is_form){jQuery('#gform_wrapper_1').html(form_content.html());setTimeout( function() { \/* delay the scroll by 50 milliseconds to fix a bug in chrome *\/ jQuery(document).scrollTop(jQuery('#gform_wrapper_1').offset().top); }, 50 );if(window['gformInitDatepicker']) {gformInitDatepicker();}if(window['gformInitPriceFields']) {gformInitPriceFields();}var current_page = jQuery('#gform_source_page_number_1').val();gformInitSpinner( 1, 'https:\/\/atz-teenused.ee\/wp-content\/plugins\/gravityforms\/images\/spinner.gif' );jQuery(document).trigger('gform_page_loaded', [1, current_page]);window['gf_submitting_1'] = false;}else if(!is_redirect){var confirmation_content = jQuery(this).contents().find('#gforms_confirmation_message_1').html();if(!confirmation_content){confirmation_content = contents;}setTimeout(function(){jQuery('#gform_wrapper_1').replaceWith('<' + 'div id=\\'gforms_confirmation_message_1\\' class=\\'gform_confirmation_message_1 gforms_confirmation_message\\'' + '>' + confirmation_content + '<' + '\/div' + '>');jQuery(document).scrollTop(jQuery('#gforms_confirmation_message_1').offset().top);jQuery(document).trigger('gform_confirmation_loaded', [1]);window['gf_submitting_1'] = false;}, 50);}else{jQuery('#gform_1').append(contents);if(window['gformRedirect']) {gformRedirect();}}jQuery(document).trigger('gform_post_render', [1, current_page]);} );} );<\/script><script type='text\/javascript'> if(typeof gf_global == 'undefined') var gf_global = {\"gf_currency_config\":{\"name\":\"\\u0415\\u0432\\u0440\\u043e\",\"symbol_left\":\"\",\"symbol_right\":\"&#8364;\",\"symbol_padding\":\" \",\"thousand_separator\":\".\",\"decimal_separator\":\",\",\"decimals\":2},\"base_url\":\"https:\\\/\\\/atz-teenused.ee\\\/wp-content\\\/plugins\\\/gravityforms\",\"number_formats\":[],\"spinnerUrl\":\"https:\\\/\\\/atz-teenused.ee\\\/wp-content\\\/plugins\\\/gravityforms\\\/images\\\/spinner.gif\"};jQuery(document).bind('gform_post_render', function(event, formId, currentPage){if(formId == 1) {gf_global[\"number_formats\"][1] = {\"1\":false,\"2\":false,\"3\":false,\"4\":false,\"6\":false,\"7\":false,\"5\":false};if(window['jQuery']){if(!window['gf_form_conditional_logic'])window['gf_form_conditional_logic'] = new Array();window['gf_form_conditional_logic'][1] = { logic: { 6: {\"field\":{\"actionType\":\"show\",\"logicType\":\"all\",\"rules\":[{\"fieldId\":\"4\",\"operator\":\"is\",\"value\":\"Raamatupidamisteenused\"}]},\"nextButton\":null,\"section\":null},7: {\"field\":{\"actionType\":\"show\",\"logicType\":\"all\",\"rules\":[{\"fieldId\":\"4\",\"operator\":\"is\",\"value\":\"M\\u00f5\\u00f5tmisteenused\"}]},\"nextButton\":null,\"section\":null} }, dependents: { 6: [6],7: [7] }, animation: 0, defaults: [], fields: {\"1\":[],\"2\":[],\"3\":[],\"4\":[6,7],\"6\":[],\"7\":[],\"5\":[]} }; if(!window['gf_number_format'])window['gf_number_format'] = 'decimal_dot';jQuery(document).ready(function(){gf_apply_rules(1, [6,7], true);jQuery('#gform_wrapper_1').show();jQuery(document).trigger('gform_post_conditional_logic', [1, null, true]);} );} if(typeof Placeholders != 'undefined'){\n                        Placeholders.enable();\n                    }jQuery( document ).on( 'submit.gravityforms', '.gform_wrapper form', function( event ) {\n\tjQuery( '<input>' )\n\t\t.attr( 'type', 'hidden' )\n\t\t.attr( 'name', 'gf_zero_spam_key' )\n\t\t.attr( 'value', 'wuj)8e0B!qIRFnT5x&amp;79vD&amp;QkTB2#n4M*79w7TP2eVuv4jHj7yQsZ5&amp;ld7XP0#Ww' )\n\t\t.appendTo( jQuery( this ) );\n} );} } );jQuery(document).bind('gform_post_conditional_logic', function(event, formId, fields, isInit){} );<\/script><script type='text\/javascript'> jQuery(document).ready(function(){jQuery(document).trigger('gform_post_render', [1, 1]) } ); <\/script>[\/vc_column_inner][\/vc_row_inner][\/vc_column][\/vc_row]<\/p>\n","protected":false},"excerpt":{"rendered":"<p>[vc_row full_width=&#8221;stretch_row_content_no_spaces&#8221; css=&#8221;.vc_custom_1452480528940{margin-bottom: 0px !important;}&#8221;][vc_column][rev_slider_vc alias=&#8221;tm-01-ru&#8221;][\/vc_column][\/vc_row][vc_row css=&#8221;.vc_custom_1456819748823{margin-top: 0px !important;margin-bottom: 0px !important;padding-top: 80px !important;padding-bottom: 50px !important;}&#8221;][vc_column][vc_custom_heading text=&#8221;\u041d\u0430\u0448\u0438 \u0443\u0441\u043b\u0443\u0433\u0438&#8221; font_container=&#8221;tag:h2|font_size:30|text_align:center|color:%23222222|line_height:1em&#8221; use_theme_fonts=&#8221;yes&#8221; tm_font_weight=&#8221;700&#8243; tm_letter_spacing=&#8221;-1px&#8221; el_class=&#8221;heading-center-black font-weight-700&#8243;][vc_row_inner css=&#8221;.vc_custom_1456819217250{margin-top: 30px !important;margin-bottom: 0px !important;}&#8221;][vc_column_inner width=&#8221;1\/2&#8243; css=&#8221;.vc_custom_1452667621058{margin-bottom: 30px !important;}&#8221;][thememove_roundedicon icon=&#8221;&#8221; align=&#8221;center&#8221; color=&#8221;#3769b5&#8243; icon_txt=&#8221;pe-7s-culture&#8221;][vc_custom_heading text=&#8221;\u0412\u0435\u0434\u0435\u043d\u0438\u0435 \u0431\u0443\u0445\u0433\u0430\u043b\u0442\u0435\u0440\u0438\u0438 &#8221; font_container=&#8221;tag:h2|font_size:22|text_align:center|color:%23222222&#8243; use_theme_fonts=&#8221;yes&#8221; tm_letter_spacing=&#8221;0px&#8221; tm_font_weight=&#8221;700&#8243; css=&#8221;.vc_custom_1474972896530{margin-top: 25px !important;}&#8221; el_class=&#8221;font-weight-700&#8243;][vc_custom_heading text=&#8221;\u0414\u043b\u044f AT Z Teenused \u043a\u0430\u0436\u0434\u044b\u0439 \u043a\u043b\u0438\u0435\u043d\u0442 \u0443\u043d\u0438\u043a\u0430\u043b\u0435\u043d \u0438 [&hellip;]<\/p>\n","protected":false},"author":1,"featured_media":0,"parent":0,"menu_order":0,"comment_status":"closed","ping_status":"closed","template":"","meta":[],"aioseo_notices":[],"_links":{"self":[{"href":"https:\/\/atz-teenused.ee\/ru\/wp-json\/wp\/v2\/pages\/2100"}],"collection":[{"href":"https:\/\/atz-teenused.ee\/ru\/wp-json\/wp\/v2\/pages"}],"about":[{"href":"https:\/\/atz-teenused.ee\/ru\/wp-json\/wp\/v2\/types\/page"}],"author":[{"embeddable":true,"href":"https:\/\/atz-teenused.ee\/ru\/wp-json\/wp\/v2\/users\/1"}],"replies":[{"embeddable":true,"href":"https:\/\/atz-teenused.ee\/ru\/wp-json\/wp\/v2\/comments?post=2100"}],"version-history":[{"count":7,"href":"https:\/\/atz-teenused.ee\/ru\/wp-json\/wp\/v2\/pages\/2100\/revisions"}],"predecessor-version":[{"id":2316,"href":"https:\/\/atz-teenused.ee\/ru\/wp-json\/wp\/v2\/pages\/2100\/revisions\/2316"}],"wp:attachment":[{"href":"https:\/\/atz-teenused.ee\/ru\/wp-json\/wp\/v2\/media?parent=2100"}],"curies":[{"name":"wp","href":"https:\/\/api.w.org\/{rel}","templated":true}]}}