{"id":2106,"date":"2016-01-21T01:43:10","date_gmt":"2016-01-21T01:43:10","guid":{"rendered":"https:\/\/atz-teenused.ee\/ru\/kontakt\/"},"modified":"2016-10-03T06:11:49","modified_gmt":"2016-10-03T06:11:49","slug":"kontakt","status":"publish","type":"page","link":"https:\/\/atz-teenused.ee\/ru\/kontakt\/","title":{"rendered":"\u041a\u043e\u043d\u0442\u0430\u043a\u0442"},"content":{"rendered":"<p>[vc_row el_class=&#8221;tm-wpcf7&#8243;][vc_column width=&#8221;1\/2&#8243;][vc_column_text]<div class=\"clear-float\" style=\"\r\n    width:100%;\r\n    margin:0px auto;\">\r\n    <\/div>\r\n<div class=\"huge_it_google_map_container\">\r\n    <div id=\"huge_it_google_map_9388\" data-map_id=\"1\"\r\n         class=\"huge_it_google_map\" style=\"\r\n    position:relative !important;\r\n    height:450px;\r\n    width:100%;\r\n    border-radius:0px;\r\n    margin:0px auto;\"\r\n         data-name=\"ATZ\"\r\n         data-type=\"ROADMAP\"\r\n         data-zoom=\"14\"\r\n         data-min-zoom=\"0\"\r\n         data-max-zoom=\"22\"\r\n         data-locator-enabled=\"0\"\r\n         data-img-url        =\"https:\/\/atz-teenused.ee\/wp-content\/plugins\/google-maps\/assets\/images\/\"\r\n         data-border-radius=\"0\"\r\n         data-center-lat=\"59.4114643\"\r\n         data-center-lng=\"24.676622\"\r\n         data-pan-controller=\"1\"\r\n         data-zoom-controller=\"1\"\r\n         data-type-controller=\"1\"\r\n         data-scale-controller=\"1\"\r\n         data-street-view-controller=\"1\"\r\n         data-overview-map-controller=\"1\"\r\n         data-width=\"100\"\r\n         data-height=\"450\"\r\n         data-align=\"center\"\r\n         data-info-type=\"click\"\r\n         data-open-infowindows-onload=\"0\"\r\n         data-animation=\"none\"\r\n         data-language=\"location based\"\r\n         data-draggable=\"0\"\r\n         data-wheel-scroll=\"1\"\r\n         data-traffic-layer=\"0\"\r\n         data-bike-layer=\"0\"\r\n         data-transit-layer=\"0\"\r\n         data-styling-hue=\"\"\r\n         data-styling-lightness=\"0\"\r\n         data-styling-gamma=\"1\"\r\n         data-styling-saturation=\"0\"><\/div>\r\n<\/div>\r\n[\/vc_column_text][\/vc_column][vc_column width=&#8221;1\/2&#8243;][vc_custom_heading text=&#8221;\u0421\u0432\u044f\u0436\u0438\u0442\u0435\u0441\u044c \u0441 \u043d\u0430\u043c\u0438&#8221; font_container=&#8221;tag:h2|font_size:16|text_align:left|color:%23444444|line_height:1.8em&#8221; use_theme_fonts=&#8221;yes&#8221; tm_letter_spacing=&#8221;0px&#8221; css=&#8221;.vc_custom_1474978135020{margin-bottom: 15px !important;}&#8221;]\n                <div class='gf_browser_gecko gform_wrapper' id='gform_wrapper_1' style='display:none'><a id='gf_1' class='gform_anchor' ><\/a><form method='post' enctype='multipart\/form-data' target='gform_ajax_frame_1' id='gform_1'  action='\/ru\/wp-json\/wp\/v2\/pages\/2106#gf_1'>\n                        <div class='gform_body'><ul id='gform_fields_1' class='gform_fields top_label form_sublabel_below description_below'><li id='field_1_1' class='gfield field_sublabel_below field_description_below' ><label class='gfield_label' for='input_1_1' ><\/label><div class='ginput_container ginput_container_text'><input name='input_1' id='input_1_1' type='text' value='' class='large'  tabindex='1'  placeholder='Nimi' \/><\/div><\/li><li id='field_1_2' class='gfield gf_left_half gfield_contains_required field_sublabel_below field_description_below' ><label class='gfield_label' for='input_1_2' ><span class='gfield_required'>*<\/span><\/label><div class='ginput_container ginput_container_text'><input name='input_2' id='input_1_2' type='text' value='' class='large'  tabindex='2'  placeholder='E-mail' \/><\/div><\/li><li id='field_1_3' class='gfield gf_right_half field_sublabel_below field_description_below' ><label class='gfield_label' for='input_1_3' ><\/label><div class='ginput_container ginput_container_text'><input name='input_3' id='input_1_3' type='text' value='' class='large'  tabindex='3'  placeholder='Telefon' \/><\/div><\/li><li id='field_1_4' class='gfield field_sublabel_below field_description_below' ><label class='gfield_label' for='input_1_4' ><\/label><div class='ginput_container ginput_container_select'><select name='input_4' id='input_1_4' onchange='gf_apply_rules(1,[6,7]);' class='large gfield_select' tabindex='4' ><option value='' selected='selected' class='gf_placeholder'>Valige teenus<\/option><option value='Raamatupidamisteenused' >Raamatupidamisteenused<\/option><\/select><\/div><\/li><li id='field_1_6' class='gfield field_sublabel_below field_description_below' ><label class='gfield_label' for='input_1_6' ><\/label><div class='ginput_container ginput_container_select'><select name='input_6' id='input_1_6'  class='large gfield_select' tabindex='5' ><option value='' selected='selected' class='gf_placeholder'>Valige raamatupidamise teenus<\/option><option value='Raamatupidamise teenused' >Raamatupidamise teenused<\/option><option value='Maksun\u00f5ustamine' >Maksun\u00f5ustamine<\/option><option value='\u00c4rin\u00f5ustamine' >\u00c4rin\u00f5ustamine<\/option><option value='Administreerimise teenused' >Administreerimise teenused<\/option><option value='Muud' >Muud<\/option><\/select><\/div><\/li><li id='field_1_7' class='gfield field_sublabel_below field_description_below' ><label class='gfield_label' for='input_1_7' ><\/label><div class='ginput_container ginput_container_select'><select name='input_7' id='input_1_7'  class='large gfield_select' tabindex='6' ><option value='' selected='selected' class='gf_placeholder'>Valige m\u00f5\u00f5tmisteenus<\/option><option value='T\u00f6\u00f6keskonna riskianal\u00fc\u00fcs' >T\u00f6\u00f6keskonna riskianal\u00fc\u00fcs<\/option><option value='T\u00f6\u00f6keskonna m\u00f5\u00f5tmised' >T\u00f6\u00f6keskonna m\u00f5\u00f5tmised<\/option><option value='Ventilatsiooni m\u00f5\u00f5tmised' >Ventilatsiooni m\u00f5\u00f5tmised<\/option><option value='Valgustustase m\u00f5\u00f5tmised' >Valgustustase m\u00f5\u00f5tmised<\/option><option value='M\u00fcratase m\u00f5\u00f5tmised' >M\u00fcratase m\u00f5\u00f5tmised<\/option><\/select><\/div><\/li><li id='field_1_5' class='gfield field_sublabel_below field_description_below' ><label class='gfield_label' for='input_1_5' ><\/label><div class='ginput_container ginput_container_textarea'>\n\t\t\t\t\t<textarea name='input_5' id='input_1_5' class='textarea small' tabindex='7'  placeholder='Kiri'  rows='10' cols='50'><\/textarea>\n\t\t\t\t<\/div><\/li>\n                            <\/ul><\/div>\n        <div class='gform_footer top_label'> <input type='submit' id='gform_submit_button_1' class='gform_button button' value='Saada' tabindex='8' onclick='if(window[\"gf_submitting_1\"]){return false;}  window[\"gf_submitting_1\"]=true;  ' \/> <input type='hidden' name='gform_ajax' value='form_id=1&amp;title=&amp;description=&amp;tabindex=1' \/>\n            <input type='hidden' class='gform_hidden' name='is_submit_1' value='1' \/>\n            <input type='hidden' class='gform_hidden' name='gform_submit' value='1' \/>\n            \n            <input type='hidden' class='gform_hidden' name='gform_unique_id' value='' \/>\n            <input type='hidden' class='gform_hidden' name='state_1' value='WyJbXSIsImVhNjBkMmY3MGE2ZmU1MjcxMmYzMzIwMjU0YjliMTNjIl0=' \/>\n            <input type='hidden' class='gform_hidden' name='gform_target_page_number_1' id='gform_target_page_number_1' value='0' \/>\n            <input type='hidden' class='gform_hidden' name='gform_source_page_number_1' id='gform_source_page_number_1' value='1' \/>\n            <input type='hidden' name='gform_field_values' value='' \/>\n            \n        <\/div>\n                        <\/form>\n                        <\/div>\n                <iframe style='display:none;width:0px;height:0px;' src='about:blank' name='gform_ajax_frame_1' id='gform_ajax_frame_1'><\/iframe>\n                <script type='text\/javascript'>jQuery(document).ready(function($){gformInitSpinner( 1, 'https:\/\/atz-teenused.ee\/wp-content\/plugins\/gravityforms\/images\/spinner.gif' );jQuery('#gform_ajax_frame_1').load( function(){var contents = jQuery(this).contents().find('*').html();var is_postback = contents.indexOf('GF_AJAX_POSTBACK') >= 0;if(!is_postback){return;}var form_content = jQuery(this).contents().find('#gform_wrapper_1');var is_confirmation = jQuery(this).contents().find('#gform_confirmation_wrapper_1').length > 0;var is_redirect = contents.indexOf('gformRedirect(){') >= 0;var is_form = form_content.length > 0 && ! is_redirect && ! is_confirmation;if(is_form){jQuery('#gform_wrapper_1').html(form_content.html());setTimeout( function() { \/* delay the scroll by 50 milliseconds to fix a bug in chrome *\/ jQuery(document).scrollTop(jQuery('#gform_wrapper_1').offset().top); }, 50 );if(window['gformInitDatepicker']) {gformInitDatepicker();}if(window['gformInitPriceFields']) {gformInitPriceFields();}var current_page = jQuery('#gform_source_page_number_1').val();gformInitSpinner( 1, 'https:\/\/atz-teenused.ee\/wp-content\/plugins\/gravityforms\/images\/spinner.gif' );jQuery(document).trigger('gform_page_loaded', [1, current_page]);window['gf_submitting_1'] = false;}else if(!is_redirect){var confirmation_content = jQuery(this).contents().find('#gforms_confirmation_message_1').html();if(!confirmation_content){confirmation_content = contents;}setTimeout(function(){jQuery('#gform_wrapper_1').replaceWith('<' + 'div id=\\'gforms_confirmation_message_1\\' class=\\'gform_confirmation_message_1 gforms_confirmation_message\\'' + '>' + confirmation_content + '<' + '\/div' + '>');jQuery(document).scrollTop(jQuery('#gforms_confirmation_message_1').offset().top);jQuery(document).trigger('gform_confirmation_loaded', [1]);window['gf_submitting_1'] = false;}, 50);}else{jQuery('#gform_1').append(contents);if(window['gformRedirect']) {gformRedirect();}}jQuery(document).trigger('gform_post_render', [1, current_page]);} );} );<\/script><script type='text\/javascript'> if(typeof gf_global == 'undefined') var gf_global = {\"gf_currency_config\":{\"name\":\"\\u0415\\u0432\\u0440\\u043e\",\"symbol_left\":\"\",\"symbol_right\":\"&#8364;\",\"symbol_padding\":\" \",\"thousand_separator\":\".\",\"decimal_separator\":\",\",\"decimals\":2},\"base_url\":\"https:\\\/\\\/atz-teenused.ee\\\/wp-content\\\/plugins\\\/gravityforms\",\"number_formats\":[],\"spinnerUrl\":\"https:\\\/\\\/atz-teenused.ee\\\/wp-content\\\/plugins\\\/gravityforms\\\/images\\\/spinner.gif\"};jQuery(document).bind('gform_post_render', function(event, formId, currentPage){if(formId == 1) {gf_global[\"number_formats\"][1] = {\"1\":false,\"2\":false,\"3\":false,\"4\":false,\"6\":false,\"7\":false,\"5\":false};if(window['jQuery']){if(!window['gf_form_conditional_logic'])window['gf_form_conditional_logic'] = new Array();window['gf_form_conditional_logic'][1] = { logic: { 6: {\"field\":{\"actionType\":\"show\",\"logicType\":\"all\",\"rules\":[{\"fieldId\":\"4\",\"operator\":\"is\",\"value\":\"Raamatupidamisteenused\"}]},\"nextButton\":null,\"section\":null},7: {\"field\":{\"actionType\":\"show\",\"logicType\":\"all\",\"rules\":[{\"fieldId\":\"4\",\"operator\":\"is\",\"value\":\"M\\u00f5\\u00f5tmisteenused\"}]},\"nextButton\":null,\"section\":null} }, dependents: { 6: [6],7: [7] }, animation: 0, defaults: [], fields: {\"1\":[],\"2\":[],\"3\":[],\"4\":[6,7],\"6\":[],\"7\":[],\"5\":[]} }; if(!window['gf_number_format'])window['gf_number_format'] = 'decimal_dot';jQuery(document).ready(function(){gf_apply_rules(1, [6,7], true);jQuery('#gform_wrapper_1').show();jQuery(document).trigger('gform_post_conditional_logic', [1, null, true]);} );} if(typeof Placeholders != 'undefined'){\n                        Placeholders.enable();\n                    }jQuery( document ).on( 'submit.gravityforms', '.gform_wrapper form', function( event ) {\n\tjQuery( '<input>' )\n\t\t.attr( 'type', 'hidden' )\n\t\t.attr( 'name', 'gf_zero_spam_key' )\n\t\t.attr( 'value', 'wuj)8e0B!qIRFnT5x&amp;79vD&amp;QkTB2#n4M*79w7TP2eVuv4jHj7yQsZ5&amp;ld7XP0#Ww' )\n\t\t.appendTo( jQuery( this ) );\n} );} } );jQuery(document).bind('gform_post_conditional_logic', function(event, formId, fields, isInit){} );<\/script><script type='text\/javascript'> jQuery(document).ready(function(){jQuery(document).trigger('gform_post_render', [1, 1]) } ); <\/script>[\/vc_column][\/vc_row][vc_row css=&#8221;.vc_custom_1453342444123{margin-top: 60px !important;margin-bottom: 60px !important;}&#8221;][vc_column el_class=&#8221;contact-page-info&#8221;][vc_row_inner][vc_column_inner width=&#8221;1\/3&#8243; css=&#8221;.vc_custom_1453343948782{padding-top: 35px !important;padding-right: 0px !important;padding-bottom: 35px !important;padding-left: 50px !important;}&#8221;][vc_custom_heading text=&#8221;\u041a\u043e\u043d\u0442\u0430\u043a\u0442&#8221; font_container=&#8221;tag:h3|font_size:22|text_align:left|color:%23444444&#8243; use_theme_fonts=&#8221;yes&#8221; el_class=&#8221;heading-left-grey font-weight-700&#8243; tm_font_weight=&#8221;600&#8243; tm_letter_spacing=&#8221;0px&#8221;][vc_column_text css=&#8221;.vc_custom_1475474976852{margin-top: 25px !important;margin-bottom: 0px !important;}&#8221;]<i class=\"fa fa-map-marker\"><\/i>\u00a0Laki 25, ruum 411<\/p>\n<p><i class=\"fa fa-map-marker\"><\/i>\u00a0Tallinn, Eesti<\/p>\n<p><i class=\"fa fa-phone\"><\/i>\u00a0+372 55549024<\/p>\n<p><i class=\"fa fa-envelope-o\"><\/i>\u00a0info@atz-teenused.ee[\/vc_column_text][\/vc_column_inner][vc_column_inner el_class=&#8221;tm-getconnected&#8221; width=&#8221;1\/4&#8243; css=&#8221;.vc_custom_1453344428097{padding-top: 35px !important;padding-right: 35px !important;padding-bottom: 35px !important;padding-left: 35px !important;}&#8221;][\/vc_column_inner][vc_column_inner width=&#8221;5\/12&#8243; css=&#8221;.vc_custom_1453342286346{padding-top: 0px !important;padding-right: 0px !important;padding-bottom: 0px !important;padding-left: 0px !important;}&#8221;][vc_single_image image=&#8221;848&#8243; img_size=&#8221;full&#8221; css_animation=&#8221;bottom-to-top&#8221; css=&#8221;.vc_custom_1456211735881{margin-top: 0px !important;margin-right: 0px !important;margin-bottom: 0px !important;margin-left: 0px !important;}&#8221;][\/vc_column_inner][\/vc_row_inner][\/vc_column][\/vc_row]<\/p>\n","protected":false},"excerpt":{"rendered":"<p>[vc_row el_class=&#8221;tm-wpcf7&#8243;][vc_column width=&#8221;1\/2&#8243;][vc_column_text][\/vc_column_text][\/vc_column][vc_column width=&#8221;1\/2&#8243;][vc_custom_heading text=&#8221;\u0421\u0432\u044f\u0436\u0438\u0442\u0435\u0441\u044c \u0441 \u043d\u0430\u043c\u0438&#8221; font_container=&#8221;tag:h2|font_size:16|text_align:left|color:%23444444|line_height:1.8em&#8221; use_theme_fonts=&#8221;yes&#8221; tm_letter_spacing=&#8221;0px&#8221; css=&#8221;.vc_custom_1474978135020{margin-bottom: 15px !important;}&#8221;][\/vc_column][\/vc_row][vc_row css=&#8221;.vc_custom_1453342444123{margin-top: 60px !important;margin-bottom: 60px !important;}&#8221;][vc_column el_class=&#8221;contact-page-info&#8221;][vc_row_inner][vc_column_inner width=&#8221;1\/3&#8243; css=&#8221;.vc_custom_1453343948782{padding-top: 35px !important;padding-right: 0px !important;padding-bottom: 35px !important;padding-left: 50px !important;}&#8221;][vc_custom_heading text=&#8221;\u041a\u043e\u043d\u0442\u0430\u043a\u0442&#8221; font_container=&#8221;tag:h3|font_size:22|text_align:left|color:%23444444&#8243; use_theme_fonts=&#8221;yes&#8221; el_class=&#8221;heading-left-grey font-weight-700&#8243; tm_font_weight=&#8221;600&#8243; tm_letter_spacing=&#8221;0px&#8221;][vc_column_text css=&#8221;.vc_custom_1475474976852{margin-top: 25px !important;margin-bottom: 0px !important;}&#8221;]\u00a0Laki 25, ruum 411 \u00a0Tallinn, Eesti \u00a0+372 55549024 \u00a0info@atz-teenused.ee[\/vc_column_text][\/vc_column_inner][vc_column_inner el_class=&#8221;tm-getconnected&#8221; width=&#8221;1\/4&#8243; css=&#8221;.vc_custom_1453344428097{padding-top: 35px !important;padding-right: 35px [&hellip;]<\/p>\n","protected":false},"author":1,"featured_media":0,"parent":0,"menu_order":0,"comment_status":"closed","ping_status":"closed","template":"","meta":[],"aioseo_notices":[],"_links":{"self":[{"href":"https:\/\/atz-teenused.ee\/ru\/wp-json\/wp\/v2\/pages\/2106"}],"collection":[{"href":"https:\/\/atz-teenused.ee\/ru\/wp-json\/wp\/v2\/pages"}],"about":[{"href":"https:\/\/atz-teenused.ee\/ru\/wp-json\/wp\/v2\/types\/page"}],"author":[{"embeddable":true,"href":"https:\/\/atz-teenused.ee\/ru\/wp-json\/wp\/v2\/users\/1"}],"replies":[{"embeddable":true,"href":"https:\/\/atz-teenused.ee\/ru\/wp-json\/wp\/v2\/comments?post=2106"}],"version-history":[{"count":6,"href":"https:\/\/atz-teenused.ee\/ru\/wp-json\/wp\/v2\/pages\/2106\/revisions"}],"predecessor-version":[{"id":2258,"href":"https:\/\/atz-teenused.ee\/ru\/wp-json\/wp\/v2\/pages\/2106\/revisions\/2258"}],"wp:attachment":[{"href":"https:\/\/atz-teenused.ee\/ru\/wp-json\/wp\/v2\/media?parent=2106"}],"curies":[{"name":"wp","href":"https:\/\/api.w.org\/{rel}","templated":true}]}}